{"id":1523,"date":"2018-09-10T15:31:41","date_gmt":"2018-09-10T18:31:41","guid":{"rendered":"https:\/\/noticiasmercedinas.com\/site\/?page_id=1523"},"modified":"2018-09-10T15:31:41","modified_gmt":"2018-09-10T18:31:41","slug":"terminos-de-uso","status":"publish","type":"page","link":"https:\/\/noticiasmercedinas.com\/site\/contacto\/terminos-de-uso\/","title":{"rendered":"T\u00e9rminos de uso"},"content":{"rendered":"<p><strong>\u00bfQu\u00e9 es este sitio?<\/strong><\/p>\n<p>NOTICIASMERCEDINAS.COM es un diario digital de la ciudad de Mercedes donde los lectores pueden acceder a contenido gratuito producido por una serie de colaboradores que desarrollan notas, post, historias, textos, art\u00edculos de manera original o reproducido bajo la licencia Creative Commons con uso comercial y permiso de reproducci\u00f3n.<\/p>\n<p><strong>NUESTRO CONTENIDO<\/strong><\/p>\n<p>Es producido por colaboradores previamente seleccionados bajo la direcci\u00f3n editorial de la web. Los colaboradores asumen la responsabilidad de todos sus juicios y comentarios emitidos desligando a NOTICIASMERCEDINAS.COM y su editor de cualquier responsabilidad. Se proh\u00edbe la reproducci\u00f3n, venta o manipulaci\u00f3n de los contenidos sin el consentimiento del autor y la direcci\u00f3n de esta web.<\/p>\n<p><strong>DERECHOS DE AUTOR\u00a0<\/strong><\/p>\n<p>Nuestra idea es respetar y que se respeten los derechos de autor. Si usted considera que una publicaci\u00f3n est\u00e1 violando las leyes de propiedad intelectual pedimos nos sea notificado a info@noticiasmercedinas.com.<\/p>\n<p><strong>LICENCIA DE USO<\/strong><\/p>\n<p>NOTICIASMERCEDINAS.COM se distribuye bajo una\u00a0<a href=\"http:\/\/creativecommons.org\/licenses\/by-nc-nd\/4.0\/\" target=\"_blank\" rel=\"noopener\">Licencia Creative Commons Atribuci\u00f3n-NoComercial-SinDerivar 4.0 Internacional<\/a>. Los usuarios son libres de compartir \u2013 copiar y redistribuir el material en cualquier medio o formato. El licenciante no puede revocar estas libertades en tanto se respeten los t\u00e9rminos de la licencia:<\/p>\n<p><strong>Atribuci\u00f3n<\/strong>\u00a0\u2013 Se deber\u00e1 otorgar el debido cr\u00e9dito al creador de la obra, se deber\u00e1 compartir un link a la licencia de uso e indicar si se le hicieron modificaciones.<\/p>\n<p><strong>No Comercial<\/strong>\u00a0\u2013 No se puede hacer uso del material con fines comerciales.<\/p>\n<p><strong>Sin Derivar<\/strong>\u00a0\u2013 Si mezcla, transforma o crea nuevo material a partir de esta obra, no podr\u00e1 distribuir el material modificado.<\/p>\n<p><strong>No hay restricciones adicionales<\/strong>\u00a0\u2014 No se pueden aplicar t\u00e9rminos legales ni medidas tecnol\u00f3gicas que restrinjan legalmente a otros hacer cualquier uso permitido por la licencia.<\/p>\n","protected":false},"excerpt":{"rendered":"<p>\u00bfQu\u00e9 es este sitio? NOTICIASMERCEDINAS.COM es un diario digital de la ciudad de Mercedes donde los lectores pueden acceder a contenido gratuito producido por una serie de colaboradores que desarrollan notas, post, historias, textos, art\u00edculos de manera original o reproducido bajo la licencia Creative Commons con uso comercial y permiso de reproducci\u00f3n. NUESTRO CONTENIDO Es [&hellip;]<\/p>\n","protected":false},"author":2,"featured_media":0,"parent":357,"menu_order":0,"comment_status":"closed","ping_status":"closed","template":"","meta":{"footnotes":""},"class_list":["post-1523","page","type-page","status-publish","hentry"],"yoast_head":"<!-- This site is optimized with the Yoast SEO plugin v27.3 - https:\/\/yoast.com\/product\/yoast-seo-wordpress\/ -->\n<title>T\u00e9rminos de uso &#8211; NOTICIASMERCEDINAS.COM<\/title>\n<meta name=\"robots\" content=\"index, follow, max-snippet:-1, max-image-preview:large, max-video-preview:-1\" \/>\n<link rel=\"canonical\" href=\"https:\/\/noticiasmercedinas.com\/site\/contacto\/terminos-de-uso\/\" \/>\n<meta property=\"og:locale\" content=\"es_ES\" \/>\n<meta property=\"og:type\" content=\"article\" \/>\n<meta property=\"og:title\" content=\"T\u00e9rminos de uso &#8211; NOTICIASMERCEDINAS.COM\" \/>\n<meta property=\"og:description\" content=\"\u00bfQu\u00e9 es este sitio? NOTICIASMERCEDINAS.COM es un diario digital de la ciudad de Mercedes donde los lectores pueden acceder a contenido gratuito producido por una serie de colaboradores que desarrollan notas, post, historias, textos, art\u00edculos de manera original o reproducido bajo la licencia Creative Commons con uso comercial y permiso de reproducci\u00f3n. NUESTRO CONTENIDO Es [&hellip;]\" \/>\n<meta property=\"og:url\" content=\"https:\/\/noticiasmercedinas.com\/site\/contacto\/terminos-de-uso\/\" \/>\n<meta property=\"og:site_name\" content=\"NOTICIASMERCEDINAS.COM\" \/>\n<meta property=\"article:publisher\" content=\"https:\/\/www.facebook.com\/noticiasmercedinas\/\" \/>\n<meta name=\"twitter:card\" content=\"summary_large_image\" \/>\n<meta name=\"twitter:site\" content=\"@notmercedinas\" \/>\n<meta name=\"twitter:label1\" content=\"Tiempo de lectura\" \/>\n\t<meta name=\"twitter:data1\" content=\"1 minuto\" \/>\n<script type=\"application\/ld+json\" class=\"yoast-schema-graph\">{\"@context\":\"https:\\\/\\\/schema.org\",\"@graph\":[{\"@type\":\"WebPage\",\"@id\":\"https:\\\/\\\/noticiasmercedinas.com\\\/site\\\/contacto\\\/terminos-de-uso\\\/\",\"url\":\"https:\\\/\\\/noticiasmercedinas.com\\\/site\\\/contacto\\\/terminos-de-uso\\\/\",\"name\":\"T\u00e9rminos de uso &#8211; NOTICIASMERCEDINAS.COM\",\"isPartOf\":{\"@id\":\"https:\\\/\\\/noticiasmercedinas.com\\\/site\\\/#website\"},\"datePublished\":\"2018-09-10T18:31:41+00:00\",\"breadcrumb\":{\"@id\":\"https:\\\/\\\/noticiasmercedinas.com\\\/site\\\/contacto\\\/terminos-de-uso\\\/#breadcrumb\"},\"inLanguage\":\"es\",\"potentialAction\":[{\"@type\":\"ReadAction\",\"target\":[\"https:\\\/\\\/noticiasmercedinas.com\\\/site\\\/contacto\\\/terminos-de-uso\\\/\"]}]},{\"@type\":\"BreadcrumbList\",\"@id\":\"https:\\\/\\\/noticiasmercedinas.com\\\/site\\\/contacto\\\/terminos-de-uso\\\/#breadcrumb\",\"itemListElement\":[{\"@type\":\"ListItem\",\"position\":1,\"name\":\"Portada\",\"item\":\"https:\\\/\\\/noticiasmercedinas.com\\\/site\\\/\"},{\"@type\":\"ListItem\",\"position\":2,\"name\":\"Contacto\",\"item\":\"https:\\\/\\\/noticiasmercedinas.com\\\/site\\\/contacto\\\/\"},{\"@type\":\"ListItem\",\"position\":3,\"name\":\"T\u00e9rminos de uso\"}]},{\"@type\":\"WebSite\",\"@id\":\"https:\\\/\\\/noticiasmercedinas.com\\\/site\\\/#website\",\"url\":\"https:\\\/\\\/noticiasmercedinas.com\\\/site\\\/\",\"name\":\"NOTICIASMERCEDINAS.COM\",\"description\":\"Mercedes, Buenos Aires, Argentina\",\"publisher\":{\"@id\":\"https:\\\/\\\/noticiasmercedinas.com\\\/site\\\/#organization\"},\"potentialAction\":[{\"@type\":\"SearchAction\",\"target\":{\"@type\":\"EntryPoint\",\"urlTemplate\":\"https:\\\/\\\/noticiasmercedinas.com\\\/site\\\/?s={search_term_string}\"},\"query-input\":{\"@type\":\"PropertyValueSpecification\",\"valueRequired\":true,\"valueName\":\"search_term_string\"}}],\"inLanguage\":\"es\"},{\"@type\":\"Organization\",\"@id\":\"https:\\\/\\\/noticiasmercedinas.com\\\/site\\\/#organization\",\"name\":\"NOTICIASMERCEDINAS.COM\",\"url\":\"https:\\\/\\\/noticiasmercedinas.com\\\/site\\\/\",\"logo\":{\"@type\":\"ImageObject\",\"inLanguage\":\"es\",\"@id\":\"https:\\\/\\\/noticiasmercedinas.com\\\/site\\\/#\\\/schema\\\/logo\\\/image\\\/\",\"url\":\"https:\\\/\\\/noticiasmercedinas.com\\\/site\\\/wp-content\\\/uploads\\\/2020\\\/06\\\/LOGO-512.jpg\",\"contentUrl\":\"https:\\\/\\\/noticiasmercedinas.com\\\/site\\\/wp-content\\\/uploads\\\/2020\\\/06\\\/LOGO-512.jpg\",\"width\":512,\"height\":512,\"caption\":\"NOTICIASMERCEDINAS.COM\"},\"image\":{\"@id\":\"https:\\\/\\\/noticiasmercedinas.com\\\/site\\\/#\\\/schema\\\/logo\\\/image\\\/\"},\"sameAs\":[\"https:\\\/\\\/www.facebook.com\\\/noticiasmercedinas\\\/\",\"https:\\\/\\\/x.com\\\/notmercedinas\",\"https:\\\/\\\/www.instagram.com\\\/noticiasmercedinas\\\/\"]}]}<\/script>\n<!-- \/ Yoast SEO plugin. -->","yoast_head_json":{"title":"T\u00e9rminos de uso &#8211; NOTICIASMERCEDINAS.COM","robots":{"index":"index","follow":"follow","max-snippet":"max-snippet:-1","max-image-preview":"max-image-preview:large","max-video-preview":"max-video-preview:-1"},"canonical":"https:\/\/noticiasmercedinas.com\/site\/contacto\/terminos-de-uso\/","og_locale":"es_ES","og_type":"article","og_title":"T\u00e9rminos de uso &#8211; NOTICIASMERCEDINAS.COM","og_description":"\u00bfQu\u00e9 es este sitio? NOTICIASMERCEDINAS.COM es un diario digital de la ciudad de Mercedes donde los lectores pueden acceder a contenido gratuito producido por una serie de colaboradores que desarrollan notas, post, historias, textos, art\u00edculos de manera original o reproducido bajo la licencia Creative Commons con uso comercial y permiso de reproducci\u00f3n. NUESTRO CONTENIDO Es [&hellip;]","og_url":"https:\/\/noticiasmercedinas.com\/site\/contacto\/terminos-de-uso\/","og_site_name":"NOTICIASMERCEDINAS.COM","article_publisher":"https:\/\/www.facebook.com\/noticiasmercedinas\/","twitter_card":"summary_large_image","twitter_site":"@notmercedinas","twitter_misc":{"Tiempo de lectura":"1 minuto"},"schema":{"@context":"https:\/\/schema.org","@graph":[{"@type":"WebPage","@id":"https:\/\/noticiasmercedinas.com\/site\/contacto\/terminos-de-uso\/","url":"https:\/\/noticiasmercedinas.com\/site\/contacto\/terminos-de-uso\/","name":"T\u00e9rminos de uso &#8211; NOTICIASMERCEDINAS.COM","isPartOf":{"@id":"https:\/\/noticiasmercedinas.com\/site\/#website"},"datePublished":"2018-09-10T18:31:41+00:00","breadcrumb":{"@id":"https:\/\/noticiasmercedinas.com\/site\/contacto\/terminos-de-uso\/#breadcrumb"},"inLanguage":"es","potentialAction":[{"@type":"ReadAction","target":["https:\/\/noticiasmercedinas.com\/site\/contacto\/terminos-de-uso\/"]}]},{"@type":"BreadcrumbList","@id":"https:\/\/noticiasmercedinas.com\/site\/contacto\/terminos-de-uso\/#breadcrumb","itemListElement":[{"@type":"ListItem","position":1,"name":"Portada","item":"https:\/\/noticiasmercedinas.com\/site\/"},{"@type":"ListItem","position":2,"name":"Contacto","item":"https:\/\/noticiasmercedinas.com\/site\/contacto\/"},{"@type":"ListItem","position":3,"name":"T\u00e9rminos de uso"}]},{"@type":"WebSite","@id":"https:\/\/noticiasmercedinas.com\/site\/#website","url":"https:\/\/noticiasmercedinas.com\/site\/","name":"NOTICIASMERCEDINAS.COM","description":"Mercedes, Buenos Aires, Argentina","publisher":{"@id":"https:\/\/noticiasmercedinas.com\/site\/#organization"},"potentialAction":[{"@type":"SearchAction","target":{"@type":"EntryPoint","urlTemplate":"https:\/\/noticiasmercedinas.com\/site\/?s={search_term_string}"},"query-input":{"@type":"PropertyValueSpecification","valueRequired":true,"valueName":"search_term_string"}}],"inLanguage":"es"},{"@type":"Organization","@id":"https:\/\/noticiasmercedinas.com\/site\/#organization","name":"NOTICIASMERCEDINAS.COM","url":"https:\/\/noticiasmercedinas.com\/site\/","logo":{"@type":"ImageObject","inLanguage":"es","@id":"https:\/\/noticiasmercedinas.com\/site\/#\/schema\/logo\/image\/","url":"https:\/\/noticiasmercedinas.com\/site\/wp-content\/uploads\/2020\/06\/LOGO-512.jpg","contentUrl":"https:\/\/noticiasmercedinas.com\/site\/wp-content\/uploads\/2020\/06\/LOGO-512.jpg","width":512,"height":512,"caption":"NOTICIASMERCEDINAS.COM"},"image":{"@id":"https:\/\/noticiasmercedinas.com\/site\/#\/schema\/logo\/image\/"},"sameAs":["https:\/\/www.facebook.com\/noticiasmercedinas\/","https:\/\/x.com\/notmercedinas","https:\/\/www.instagram.com\/noticiasmercedinas\/"]}]}},"amp_enabled":true,"_links":{"self":[{"href":"https:\/\/noticiasmercedinas.com\/site\/wp-json\/wp\/v2\/pages\/1523","targetHints":{"allow":["GET"]}}],"collection":[{"href":"https:\/\/noticiasmercedinas.com\/site\/wp-json\/wp\/v2\/pages"}],"about":[{"href":"https:\/\/noticiasmercedinas.com\/site\/wp-json\/wp\/v2\/types\/page"}],"author":[{"embeddable":true,"href":"https:\/\/noticiasmercedinas.com\/site\/wp-json\/wp\/v2\/users\/2"}],"replies":[{"embeddable":true,"href":"https:\/\/noticiasmercedinas.com\/site\/wp-json\/wp\/v2\/comments?post=1523"}],"version-history":[{"count":1,"href":"https:\/\/noticiasmercedinas.com\/site\/wp-json\/wp\/v2\/pages\/1523\/revisions"}],"predecessor-version":[{"id":1524,"href":"https:\/\/noticiasmercedinas.com\/site\/wp-json\/wp\/v2\/pages\/1523\/revisions\/1524"}],"up":[{"embeddable":true,"href":"https:\/\/noticiasmercedinas.com\/site\/wp-json\/wp\/v2\/pages\/357"}],"wp:attachment":[{"href":"https:\/\/noticiasmercedinas.com\/site\/wp-json\/wp\/v2\/media?parent=1523"}],"curies":[{"name":"wp","href":"https:\/\/api.w.org\/{rel}","templated":true}]}}